{"id":70,"date":"2025-03-16T11:41:59","date_gmt":"2025-03-16T11:41:59","guid":{"rendered":"https:\/\/milosavljevic-dabetic.rs\/?page_id=70"},"modified":"2025-03-20T17:59:08","modified_gmt":"2025-03-20T17:59:08","slug":"expertise","status":"publish","type":"page","link":"https:\/\/milosavljevic-dabetic.rs\/sr\/expertise\/","title":{"rendered":"Oblasti rada"},"content":{"rendered":"<div data-elementor-type=\"wp-page\" data-elementor-id=\"70\" class=\"elementor elementor-70\" data-elementor-post-type=\"page\">\n\t\t\t\t<div class=\"elementor-element elementor-element-5a15829 e-con-full e-flex e-con e-parent\" data-id=\"5a15829\" data-element_type=\"container\" data-e-type=\"container\" data-settings=\"{&quot;background_background&quot;:&quot;classic&quot;}\">\n\t\t<div class=\"elementor-element elementor-element-8536346 e-flex e-con-boxed e-con e-child\" data-id=\"8536346\" data-element_type=\"container\" data-e-type=\"container\" data-settings=\"{&quot;background_background&quot;:&quot;classic&quot;}\">\n\t\t\t\t\t<div class=\"e-con-inner\">\n\t\t\t\t<div class=\"elementor-element elementor-element-927b509 elementor-widget elementor-widget-heading\" data-id=\"927b509\" data-element_type=\"widget\" data-e-type=\"widget\" data-widget_type=\"heading.default\">\n\t\t\t\t<div class=\"elementor-widget-container\">\n\t\t\t\t\t<h2 class=\"elementor-heading-title elementor-size-default\">Oblasti rada<\/h2>\t\t\t\t<\/div>\n\t\t\t\t<\/div>\n\t\t\t\t<div class=\"elementor-element elementor-element-f304cfc elementor-widget elementor-widget-text-editor\" data-id=\"f304cfc\" data-element_type=\"widget\" data-e-type=\"widget\" data-widget_type=\"text-editor.default\">\n\t\t\t\t<div class=\"elementor-widget-container\">\n\t\t\t\t\t\t\t\t\t<p>Pru\u017eamo pravnu pomo\u0107 u razli\u010ditim granama prava. Za na\u0161 tim ne postoji zadatak koji je previ\u0161e slo\u017een.<\/p>\t\t\t\t\t\t\t\t<\/div>\n\t\t\t\t<\/div>\n\t\t\t\t\t<\/div>\n\t\t\t\t<\/div>\n\t\t\t\t<\/div>\n\t\t<div class=\"elementor-element elementor-element-4475927 e-con-full e-flex e-con e-parent\" data-id=\"4475927\" data-element_type=\"container\" data-e-type=\"container\" data-settings=\"{&quot;background_background&quot;:&quot;classic&quot;}\">\n\t\t\t\t<div class=\"elementor-element elementor-element-12e2923 e-n-tabs-mobile elementor-widget elementor-widget-n-tabs\" data-id=\"12e2923\" data-element_type=\"widget\" data-e-type=\"widget\" data-widget_type=\"nested-tabs.default\">\n\t\t\t\t<div class=\"elementor-widget-container\">\n\t\t\t\t\t\t\t<div class=\"e-n-tabs\" data-widget-number=\"19802403\" aria-label=\"\u041a\u0430\u0440\u0442\u0438\u0446\u0435. \u041e\u0442\u0432\u043e\u0440\u0438\u0442\u0435 \u0441\u0442\u0430\u0432\u043a\u0435 \u043f\u0440\u0438\u0442\u0438\u0441\u043a\u043e\u043c \u043d\u0430 Enter \u0438\u043b\u0438 Space, \u0437\u0430\u0442\u0432\u043e\u0440\u0438\u0442\u0435 \u0438\u0445 \u043f\u0440\u0438\u0442\u0438\u0441\u043a\u043e\u043c \u043d\u0430 Escape \u0438 \u043d\u0430\u0432\u0438\u0433\u0430\u0446\u0438\u0458\u0443 \u043a\u043e\u0440\u0438\u0441\u0442\u0438\u0442\u0435 \u0441\u0442\u0440\u0435\u043b\u0438\u0446\u0435.\">\n\t\t\t<div class=\"e-n-tabs-heading\" role=\"tablist\">\n\t\t\t\t\t<button id=\"e-n-tab-title-198024031\" data-tab-title-id=\"e-n-tab-title-198024031\" class=\"e-n-tab-title\" aria-selected=\"true\" data-tab-index=\"1\" role=\"tab\" tabindex=\"0\" aria-controls=\"e-n-tab-content-198024031\" style=\"--n-tabs-title-order: 1;\">\n\t\t\t\t\t\t<span class=\"e-n-tab-title-text\">\n\t\t\t\tPoresko pravo\t\t\t<\/span>\n\t\t<\/button>\n\t\t\t\t<button id=\"e-n-tab-title-198024032\" data-tab-title-id=\"e-n-tab-title-198024032\" class=\"e-n-tab-title\" aria-selected=\"false\" data-tab-index=\"2\" role=\"tab\" tabindex=\"-1\" aria-controls=\"e-n-tab-content-198024032\" style=\"--n-tabs-title-order: 2;\">\n\t\t\t\t\t\t<span class=\"e-n-tab-title-text\">\n\t\t\t\tPoreski delikti\t\t\t<\/span>\n\t\t<\/button>\n\t\t\t\t<button id=\"e-n-tab-title-198024033\" data-tab-title-id=\"e-n-tab-title-198024033\" class=\"e-n-tab-title\" aria-selected=\"false\" data-tab-index=\"3\" role=\"tab\" tabindex=\"-1\" aria-controls=\"e-n-tab-content-198024033\" style=\"--n-tabs-title-order: 3;\">\n\t\t\t\t\t\t<span class=\"e-n-tab-title-text\">\n\t\t\t\tPrivredno pravo\t\t\t<\/span>\n\t\t<\/button>\n\t\t\t\t<button id=\"e-n-tab-title-198024034\" data-tab-title-id=\"e-n-tab-title-198024034\" class=\"e-n-tab-title\" aria-selected=\"false\" data-tab-index=\"4\" role=\"tab\" tabindex=\"-1\" aria-controls=\"e-n-tab-content-198024034\" style=\"--n-tabs-title-order: 4;\">\n\t\t\t\t\t\t<span class=\"e-n-tab-title-text\">\n\t\t\t\tRadno pravo\t\t\t<\/span>\n\t\t<\/button>\n\t\t\t\t<button id=\"e-n-tab-title-198024035\" data-tab-title-id=\"e-n-tab-title-198024035\" class=\"e-n-tab-title\" aria-selected=\"false\" data-tab-index=\"5\" role=\"tab\" tabindex=\"-1\" aria-controls=\"e-n-tab-content-198024035\" style=\"--n-tabs-title-order: 5;\">\n\t\t\t\t\t\t<span class=\"e-n-tab-title-text\">\n\t\t\t\tDevizno poslovanje\t\t\t<\/span>\n\t\t<\/button>\n\t\t\t\t<button id=\"e-n-tab-title-198024036\" data-tab-title-id=\"e-n-tab-title-198024036\" class=\"e-n-tab-title\" aria-selected=\"false\" data-tab-index=\"6\" role=\"tab\" tabindex=\"-1\" aria-controls=\"e-n-tab-content-198024036\" style=\"--n-tabs-title-order: 6;\">\n\t\t\t\t\t\t<span class=\"e-n-tab-title-text\">\n\t\t\t\tImigraciono pravo\t\t\t<\/span>\n\t\t<\/button>\n\t\t\t\t\t<\/div>\n\t\t\t<div class=\"e-n-tabs-content\">\n\t\t\t\t<div id=\"e-n-tab-content-198024031\" role=\"tabpanel\" aria-labelledby=\"e-n-tab-title-198024031\" data-tab-index=\"1\" style=\"--n-tabs-title-order: 1;\" class=\"e-active elementor-element elementor-element-8ff1f7a e-con-full e-flex e-con e-child\" data-id=\"8ff1f7a\" data-element_type=\"container\" data-e-type=\"container\">\n\t\t\t\t<div class=\"elementor-element elementor-element-c31dd4f elementor-widget elementor-widget-text-editor\" data-id=\"c31dd4f\" data-element_type=\"widget\" data-e-type=\"widget\" data-widget_type=\"text-editor.default\">\n\t\t\t\t<div class=\"elementor-widget-container\">\n\t\t\t\t\t\t\t\t\t<p>Advokatska kancelarija Milosavljevi\u0107 &amp; Dabeti\u0107 je primarno fokusirana na pru\u017eanje specijalizovanih usluga iz oblasti poreskog prava.<\/p><p>Na\u0161 tim stru\u010dnjaka, pored dubinskog poznavanja doma\u0107ih i me\u0111unarodnih propisa, poseduje \u0161ire razumevanje ekonomskih disciplina poput ra\u010dunovodstva, transfernih cena i poreske revizije, \u0161to nas \u010dini jedinstvenim na tr\u017ei\u0161tu Srbije i regiona.\u00a0<\/p><p>Za na\u0161e klijente, to podrazumeva sveobuhvatan pristup i pronala\u017eenje re\u0161enja za svaki oblik poreske problematike, bez obzira na njenu slo\u017eenost.\u00a0<\/p><p>Advokati u saradnji sa AK Milosavljevi\u0107 &amp; Dabeti\u0107 uspe\u0161no pru\u017eaju usluge optimizacije\nobaveza koje proizilaze iz celokupnog poreskog zakonodavstva Republike Srbije i to kroz poreske analize razli\u010ditih komercijalnih ugovora, me\u0111unarodno poresko planiranje i pra\u0107enje kako doma\u0107ih tako i prekograni\u010dnih transakcija, uz poseban osvrt na materiju ugovora o izbegavanju me\u0111unarodnog dvostrukog oporezivanja i poznavanje kako aktuelnosti iz teorije, tako i nemerljivog prakti\u010dnog iskustva u sagledavanju nijansi, koje na\u0161i saradnici imaju u ovoj oblasti.\u00a0<\/p><p>Na\u0161e usluge tako\u0111e uklju\u010duju simulacije poreskih kontrola, u okviru kojih analiziramo finansijske izve\u0161taje i utvr\u0111ujemo potencijalne propuste, a \u0161to klijentima pru\u017ea priliku da uz na\u0161u pomo\u0107 isprave sve u\u010dinjene propuste pre preduzimanja bilo koje radnje poreskog organa, odnosno pre otpo\u010dinjanja poreske kontrole ili podno\u0161enja zahteva za pokretanje prekr\u0161ajnog postupka.\u00a0<\/p><p>Na tr\u017ei\u0161tu se izdvajamo i zbog sposobnosti pripreme poreskih due dilligence izve\u0161taja, kontrole PDP prijava, pregleda poreskog bilansa na kraju poslovne godine, kao i podno\u0161enja poreskih prijava, sprovo\u0111enja poreskih revizija i savetovanja iz oblasti transfernih cena.\u00a0<\/p><p>Kroz godine, Milosavljevi\u0107 &amp; Dabeti\u0107 se tako\u0111e usko fokusirala na PDV i poreske aspekte ugovora o gra\u0111enju, imaju\u0107i u vidu rastu\u0107e tr\u017ei\u0161te nekretnina i infrastrukturne projekte koji iziskuju kvalitetnu i specijalizovanu podr\u0161ku poreskih stru\u010dnjaka iz ove oblasti.<\/p>\t\t\t\t\t\t\t\t<\/div>\n\t\t\t\t<\/div>\n\t\t\t\t<\/div>\n\t\t<div id=\"e-n-tab-content-198024032\" role=\"tabpanel\" aria-labelledby=\"e-n-tab-title-198024032\" data-tab-index=\"2\" style=\"--n-tabs-title-order: 2;\" class=\"elementor-element elementor-element-96b7141 e-con-full e-flex e-con e-child\" data-id=\"96b7141\" data-element_type=\"container\" data-e-type=\"container\">\n\t\t\t\t<div class=\"elementor-element elementor-element-8db0143 elementor-widget elementor-widget-text-editor\" data-id=\"8db0143\" data-element_type=\"widget\" data-e-type=\"widget\" data-widget_type=\"text-editor.default\">\n\t\t\t\t<div class=\"elementor-widget-container\">\n\t\t\t\t\t\t\t\t\t<p>Podno\u0161enje krivi\u010dnih prijava protiv fizi\u010dkih lica, a posebno protiv odgovornih lica u pravnom licu mo\u017ee da ima ozbiljne posledice na poslovanje privrednih subjekata, kako u finansijskom, tako i u reputacionom smislu.<\/p><p>Advokatska kancelarija Milosavljevi\u0107 &amp; Dabeti\u0107, zahvaljuju\u0107i vi\u0161edecenijskom iskustvu tima stru\u010dnjaka, pru\u017ea svojim klijentima sveobuhvatnu pravnu podr\u0161ku i strategiju, prilago\u0111enu njihovim situacijama.<\/p><p>Bez obzira na to da li se suo\u010davate sa istragom ili je protiv vas ve\u0107 pokrenut krivi\u010dni ili prekr\u0161ajni postupak, Milosavljevi\u0107 &amp; Dabeti\u0107 \u0107e vam pru\u017eiti neophodnu podr\u0161ku u zastupanju pred Poreskom upravom, tu\u017eila\u0161tvom i sudovima u svim fazama postupka \u2013 uklju\u010duju\u0107i predistra\u017ene i istra\u017ene radnje.<\/p><p>Na\u0161i advokati anga\u017eovani su kao branioci u prekr\u0161ajnim i krivi\u010dnim postupcima i stoje vam na raspolaganju za pripremu \u017ealbi i drugih pravnih lekova na odluke sudova i re\u0161enja Poreske uprave.<\/p><p>Zbog specifi\u010dnosti poreskog prava, za adekvatnu odbranu okrivljenih i pospe\u0161ivanja verovatno\u0107e za uspeh u krivi\u010dnim i prekr\u0161ajnim postupcima, nu\u017ean preduslov je poznavanje poreskog prava koje zahteva razumevanje ekonomskih disciplina poput ra\u010dunovodstva, transfernih cena i poreske revizije.<\/p>\t\t\t\t\t\t\t\t<\/div>\n\t\t\t\t<\/div>\n\t\t\t\t<\/div>\n\t\t<div id=\"e-n-tab-content-198024033\" role=\"tabpanel\" aria-labelledby=\"e-n-tab-title-198024033\" data-tab-index=\"3\" style=\"--n-tabs-title-order: 3;\" class=\"elementor-element elementor-element-c32327b e-con-full e-flex e-con e-child\" data-id=\"c32327b\" data-element_type=\"container\" data-e-type=\"container\">\n\t\t\t\t<div class=\"elementor-element elementor-element-9bdfeac elementor-widget elementor-widget-text-editor\" data-id=\"9bdfeac\" data-element_type=\"widget\" data-e-type=\"widget\" data-widget_type=\"text-editor.default\">\n\t\t\t\t<div class=\"elementor-widget-container\">\n\t\t\t\t\t\t\t\t\t<p>Precizno pravno planiranje je najsigurniji na\u010din da zapo\u010dnete svoj biznis ili da se osigurate prilikom \u0161irenja tr\u017ei\u0161ta.\u00a0<\/p><p>Advokatska kancelarija Milosavljevi\u0107 &amp; Dabeti\u0107 pru\u017ea potpunu podr\u0161ku u svim pravnim aspektima poslovanja i \u0161titi va\u0161e interese, dok vi mo\u017eete nesmetano da se fokusirate na rast i razvoj va\u0161eg biznisa.\u00a0<\/p><p>Stru\u010dni tim Milosavljevi\u0107 &amp; Dabeti\u0107 klijentima redovno pru\u017ea podr\u0161ku u osnivanju privrednih dru\u0161tava, i drugih formi obavljanja privredne delatnosti, dok tako\u0111e pru\u017eamo usluge sprovo\u0111enja statusnih promena i promena pravne forme.\u00a0<\/p><p>Godinama unazad, redovno i uspe\u0161no vodimo razli\u010dite postupke pred Agencijom za privredne registre, sastavljamo, analiziramo i revidiramo sve vrste ugovora.\u00a0<\/p><p>Pru\u017eamo dodatnu podr\u0161ku u svim segmentima obavljanja privredne delatnosti, uklju\u010duju\u0107i i vo\u0111enje postupka likvidacije i pravnu za\u0161titu u slu\u010daju neispunjenja ugovornih obaveza, \u010dime na\u0161im klijentima poma\u017eemo u brojnim nepredvidivim situacijama i izazovima, koji su neizbe\u017eni.<\/p>\t\t\t\t\t\t\t\t<\/div>\n\t\t\t\t<\/div>\n\t\t\t\t<\/div>\n\t\t<div id=\"e-n-tab-content-198024034\" role=\"tabpanel\" aria-labelledby=\"e-n-tab-title-198024034\" data-tab-index=\"4\" style=\"--n-tabs-title-order: 4;\" class=\"elementor-element elementor-element-b5948e4 e-con-full e-flex e-con e-child\" data-id=\"b5948e4\" data-element_type=\"container\" data-e-type=\"container\">\n\t\t\t\t<div class=\"elementor-element elementor-element-49747a8 elementor-widget elementor-widget-text-editor\" data-id=\"49747a8\" data-element_type=\"widget\" data-e-type=\"widget\" data-widget_type=\"text-editor.default\">\n\t\t\t\t<div class=\"elementor-widget-container\">\n\t\t\t\t\t\t\t\t\t<p>Me\u0111usobna prava i obaveze poslodavca i zaposlenog u radnim odnosima \u010desto su izvor\nnesporazuma, a radni sporovi mogu biti iscrpljuju\u0107i i njihovo pokretanje nanosi ozbiljnu \u0161tetu\nugledu poslodavca.\u00a0<\/p><p>Advokatska kancelarija Milosavljevi\u0107 &amp; Dabeti\u0107 pru\u017ea podr\u0161ku u svim segmetima radnog odnosa \u2013 od zasnivanja do njegovog prestanka. Kroz preventivno savetovanje i efikasno re\u0161avanje problema, poma\u017eemo poslodavcima da umanje pravne rizike i osiguraju nesmetano poslovanje, uz nastojanje da se prona\u0111e pravi\u010dno re\u0161enje za sve uklju\u010dene strane.\u00a0<\/p><p>Iskustvo na\u0161eg tima pokazuje da je klju\u010dno pravovremeno preduprediti potencijalno sporne situacije, osigurati uskla\u0111enost sa zakonskim i drugim propisima i uspostaviti jasne interne procedure koje \u0107e doprineti stabilnosti poslovanja.\u00a0<\/p><p>Milosavljevi\u0107 &amp; Dabeti\u0107 za klijente pru\u017ea pravne savete i mi\u0161ljenja u vezi sa radnopravnim odnosima, asistira pri izradi i izmeni ugovora o radu i svih ugovora van radnog odnosa, i pru\u017ea pravnu podr\u0161ku pri otkazima i disciplinskim postupcima.\u00a0<\/p><p>Na\u0161 tim vam mo\u017ee pomo\u0107i sa izradom i izmenom op\u0161tih i pojedina\u010dnih akata poslodavca, pri zastupanju i sastavljanju podnesaka u radnim sporovima, kao i u posredovanju kod vansudskog re\u0161avanja sporova.\u00a0<\/p><p>Dodatno, \u0161irok spektar znanja na\u0161ih stru\u010dnjaka pru\u017ea klijentima mogu\u0107nosti savetovanja u oblasti\nbezbednosti i zdravlja na radu.<\/p>\t\t\t\t\t\t\t\t<\/div>\n\t\t\t\t<\/div>\n\t\t\t\t<\/div>\n\t\t<div id=\"e-n-tab-content-198024035\" role=\"tabpanel\" aria-labelledby=\"e-n-tab-title-198024035\" data-tab-index=\"5\" style=\"--n-tabs-title-order: 5;\" class=\"elementor-element elementor-element-7916176 e-con-full e-flex e-con e-child\" data-id=\"7916176\" data-element_type=\"container\" data-e-type=\"container\">\n\t\t\t\t<div class=\"elementor-element elementor-element-34e9b17 elementor-widget elementor-widget-text-editor\" data-id=\"34e9b17\" data-element_type=\"widget\" data-e-type=\"widget\" data-widget_type=\"text-editor.default\">\n\t\t\t\t<div class=\"elementor-widget-container\">\n\t\t\t\t\t\t\t\t\t<p>Me\u0111unarodne transakcije i transfer kapitala zahtevaju poznavanje slo\u017eene regulative, koja mo\u017ee predstavljati izazov za privredne subjekte, dok njihovo nepo\u0161tovanje mo\u017ee prouzrokovati ozbiljne finansijske posledice, pa \u010dak i sankcije u vidu ograni\u010denja u poslovanju.\u00a0<\/p><p>Stru\u010dnjaci Advokatske kancelarije Milosavljevi\u0107 &amp; Dabeti\u0107 su va\u0161i najbolji saveznici za stabilno i zakonito poslovanje u me\u0111unarodnom okru\u017eenju, gde pru\u017eamo sveobuhvatnu pravnu podr\u0161ku u oblasti deviznog poslovanja.\u00a0<\/p><p>Zahvaljuju\u0107i na\u0161oj dugogodi\u0161njoj ekspertizi u deviznom poslovanju, uspe\u0161no umanjujemo i elimini\u0161emo rizik za na\u0161e klijente i ostvarujemo poslovne ciljeve u skladu sa va\u017ee\u0107im propisima.\u00a0<\/p><p>Na\u0161im klijentima pru\u017eamo usluge pravnog savetovanja u vezi sa lokalnim deviznim transakcijama, me\u0111unarodnim pla\u0107anjima, kao i analizu ugovornih odnosa sa inostranim partnerima u cilju postizanja uskla\u0111enosti sa doma\u0107im propisima o deviznom poslovanju.\u00a0<\/p><p>U svetu \u010destih promena u regulatornom okviru, pru\u017eamo savete na\u0161im klijentima i navodimo ih tako da su uvek a\u017eurni i uskla\u0111eni sa najaktuelnijim regulativama Narodne Banke Srbije (NBS), kao i propisima drugih organa u vezi sa deviznim i finansijskim transakcijama.\u00a0<\/p><p>Nakon osnivanja privrednog subjekta, slede\u0107i klju\u010dni korak za po\u010detak poslovanja jeste otvaranje ra\u010duna u poslovnoj banci. Ka\u0161njenja ili administrativne prepreke u ovom procesu mogu zna\u010dajno usporiti po\u010detne poslovne aktivnosti firme.\u00a0<\/p><p>Zahvaljuju\u0107i dugogodi\u0161njoj saradnji sa bankama i dubinskom razumevanju bankarskih procedura i sistema, na\u0161im klijentima omogu\u0107avamo brzo i efikasno otvaranje rezidentnih i nerezidentnih bankovnih ra\u010duna.\u00a0<\/p><p>Pru\u017eamo podr\u0161ku pri realizaciji bankarskih transakcija.<\/p>\t\t\t\t\t\t\t\t<\/div>\n\t\t\t\t<\/div>\n\t\t\t\t<\/div>\n\t\t<div id=\"e-n-tab-content-198024036\" role=\"tabpanel\" aria-labelledby=\"e-n-tab-title-198024036\" data-tab-index=\"6\" style=\"--n-tabs-title-order: 6;\" class=\"elementor-element elementor-element-27e7165 e-con-full e-flex e-con e-child\" data-id=\"27e7165\" data-element_type=\"container\" data-e-type=\"container\">\n\t\t\t\t<div class=\"elementor-element elementor-element-990d15f elementor-widget elementor-widget-text-editor\" data-id=\"990d15f\" data-element_type=\"widget\" data-e-type=\"widget\" data-widget_type=\"text-editor.default\">\n\t\t\t\t<div class=\"elementor-widget-container\">\n\t\t\t\t\t\t\t\t\t<p>Preseljenje u drugu dr\u017eavu zbog poslovnih, porodi\u010dnih ili drugih razloga mo\u017ee biti veoma komplikovano iz brojnih administrativnih i pravnih razloga.\u00a0<\/p><p>Bez adekvatne pravne podr\u0161ke, postupci pribavljanja boravi\u0161nih i radnih dozvola, viza i dr\u017eavljanstva mogu postati dugotrajni i izazovni.<\/p><p>Bilo da planirate privremeni boravak ili trajno nastanjenje, Advokatska kancelarija Milosavljevi\u0107 &amp; Dabeti\u0107 \u0107e vam omogu\u0107iti da ceo proces pro\u0111e \u0161to jednostavnije i efikasnije, uz maksimalnu pravnu sigurnost u cilju prevazila\u017eenja administrativnih prepreka kako biste ostvarili svoje planove bez nepredvi\u0111enih komplikacija.<\/p><p>Tim advokata i saradnika ima bogato iskustvo rada sa stranim investitorima po pitanju savetovanja o specifi\u010dnim uslovima boravka i rada u Republici Srbiji. Uspe\u0161no pribavljamo i produ\u017eavamo boravi\u0161ne i radne dozvole, kao i dozvole za stalno nastanjenje i pru\u017eamo pravnu podr\u0161ku u vezi sa spajanjem porodice.<\/p><p>Mo\u017eete nam se obratiti za pravnu podr\u0161ku pri podno\u0161enju zahteva za dobijanje dr\u017eavljanstva, kao i za re\u0161avanje nastalih spornih situacija sa imigracionim vlastima.<\/p>\t\t\t\t\t\t\t\t<\/div>\n\t\t\t\t<\/div>\n\t\t\t\t<\/div>\n\t\t\t\t\t<\/div>\n\t\t<\/div>\n\t\t\t\t\t\t<\/div>\n\t\t\t\t<\/div>\n\t\t\t\t<\/div>\n\t\t<div class=\"elementor-element elementor-element-166cc5c e-con-full e-flex e-con e-parent\" data-id=\"166cc5c\" data-element_type=\"container\" data-e-type=\"container\" data-settings=\"{&quot;background_background&quot;:&quot;classic&quot;}\">\n\t\t\t\t<div class=\"elementor-element elementor-element-4df2148 elementor-widget elementor-widget-heading\" data-id=\"4df2148\" data-element_type=\"widget\" data-e-type=\"widget\" data-widget_type=\"heading.default\">\n\t\t\t\t<div class=\"elementor-widget-container\">\n\t\t\t\t\t<h2 class=\"elementor-heading-title elementor-size-default\">POTREBAN VAM JE PRAVNI SAVET?<\/h2>\t\t\t\t<\/div>\n\t\t\t\t<\/div>\n\t\t\t\t<div class=\"elementor-element elementor-element-d50f251 elementor-widget elementor-widget-button\" data-id=\"d50f251\" data-element_type=\"widget\" data-e-type=\"widget\" data-widget_type=\"button.default\">\n\t\t\t\t<div class=\"elementor-widget-container\">\n\t\t\t\t\t\t\t\t\t<div class=\"elementor-button-wrapper\">\n\t\t\t\t\t<a class=\"elementor-button elementor-button-link elementor-size-sm\" href=\"https:\/\/milosavljevic-dabetic.rs\/sr\/contact\/\">\n\t\t\t\t\t\t<span class=\"elementor-button-content-wrapper\">\n\t\t\t\t\t\t\t\t\t<span class=\"elementor-button-text\">KONTAKTIRAJTE NAS<\/span>\n\t\t\t\t\t<\/span>\n\t\t\t\t\t<\/a>\n\t\t\t\t<\/div>\n\t\t\t\t\t\t\t\t<\/div>\n\t\t\t\t<\/div>\n\t\t\t\t<\/div>\n\t\t\t\t<\/div>","protected":false},"excerpt":{"rendered":"<p>Our Expertise We are able to provide legal assistance in different fields of the law. There is no task too [&hellip;]<\/p>","protected":false},"author":1,"featured_media":0,"parent":0,"menu_order":0,"comment_status":"closed","ping_status":"closed","template":"","meta":{"site-sidebar-layout":"no-sidebar","site-content-layout":"","ast-site-content-layout":"full-width-container","site-content-style":"default","site-sidebar-style":"default","ast-global-header-display":"","ast-banner-title-visibility":"","ast-main-header-display":"","ast-hfb-above-header-display":"","ast-hfb-below-header-display":"","ast-hfb-mobile-header-display":"","site-post-title":"disabled","ast-breadcrumbs-content":"","ast-featured-img":"disabled","footer-sml-layout":"","ast-disable-related-posts":"","theme-transparent-header-meta":"","adv-header-id-meta":"","stick-header-meta":"","header-above-stick-meta":"","header-main-stick-meta":"","header-below-stick-meta":"","astra-migrate-meta-layouts":"default","ast-page-background-enabled":"default","ast-page-background-meta":{"desktop":{"background-color":"var(--ast-global-color-5)","background-image":"","background-repeat":"repeat","background-position":"center center","background-size":"auto","background-attachment":"scroll","background-type":"","background-media":"","overlay-type":"","overlay-color":"","overlay-opacity":"","overlay-gradient":""},"tablet":{"background-color":"","background-image":"","background-repeat":"repeat","background-position":"center center","background-size":"auto","background-attachment":"scroll","background-type":"","background-media":"","overlay-type":"","overlay-color":"","overlay-opacity":"","overlay-gradient":""},"mobile":{"background-color":"","background-image":"","background-repeat":"repeat","background-position":"center center","background-size":"auto","background-attachment":"scroll","background-type":"","background-media":"","overlay-type":"","overlay-color":"","overlay-opacity":"","overlay-gradient":""}},"ast-content-background-meta":{"desktop":{"background-color":"var(--ast-global-color-4)","background-image":"","background-repeat":"repeat","background-position":"center center","background-size":"auto","background-attachment":"scroll","background-type":"","background-media":"","overlay-type":"","overlay-color":"","overlay-opacity":"","overlay-gradient":""},"tablet":{"background-color":"var(--ast-global-color-4)","background-image":"","background-repeat":"repeat","background-position":"center center","background-size":"auto","background-attachment":"scroll","background-type":"","background-media":"","overlay-type":"","overlay-color":"","overlay-opacity":"","overlay-gradient":""},"mobile":{"background-color":"var(--ast-global-color-4)","background-image":"","background-repeat":"repeat","background-position":"center center","background-size":"auto","background-attachment":"scroll","background-type":"","background-media":"","overlay-type":"","overlay-color":"","overlay-opacity":"","overlay-gradient":""}},"footnotes":""},"class_list":["post-70","page","type-page","status-publish","hentry"],"_links":{"self":[{"href":"https:\/\/milosavljevic-dabetic.rs\/sr\/wp-json\/wp\/v2\/pages\/70","targetHints":{"allow":["GET"]}}],"collection":[{"href":"https:\/\/milosavljevic-dabetic.rs\/sr\/wp-json\/wp\/v2\/pages"}],"about":[{"href":"https:\/\/milosavljevic-dabetic.rs\/sr\/wp-json\/wp\/v2\/types\/page"}],"author":[{"embeddable":true,"href":"https:\/\/milosavljevic-dabetic.rs\/sr\/wp-json\/wp\/v2\/users\/1"}],"replies":[{"embeddable":true,"href":"https:\/\/milosavljevic-dabetic.rs\/sr\/wp-json\/wp\/v2\/comments?post=70"}],"version-history":[{"count":76,"href":"https:\/\/milosavljevic-dabetic.rs\/sr\/wp-json\/wp\/v2\/pages\/70\/revisions"}],"predecessor-version":[{"id":1135,"href":"https:\/\/milosavljevic-dabetic.rs\/sr\/wp-json\/wp\/v2\/pages\/70\/revisions\/1135"}],"wp:attachment":[{"href":"https:\/\/milosavljevic-dabetic.rs\/sr\/wp-json\/wp\/v2\/media?parent=70"}],"curies":[{"name":"wp","href":"https:\/\/api.w.org\/{rel}","templated":true}]}}