{"id":64,"date":"2025-03-16T11:40:33","date_gmt":"2025-03-16T11:40:33","guid":{"rendered":"https:\/\/milosavljevic-dabetic.rs\/?page_id=64"},"modified":"2025-03-20T11:21:52","modified_gmt":"2025-03-20T11:21:52","slug":"about-us","status":"publish","type":"page","link":"https:\/\/milosavljevic-dabetic.rs\/sr\/about-us\/","title":{"rendered":"O nama"},"content":{"rendered":"<div data-elementor-type=\"wp-page\" data-elementor-id=\"64\" class=\"elementor elementor-64\" data-elementor-post-type=\"page\">\n\t\t\t\t<div class=\"elementor-element elementor-element-3dade67 e-con-full e-flex e-con e-parent\" data-id=\"3dade67\" data-element_type=\"container\" data-e-type=\"container\" data-settings=\"{&quot;background_background&quot;:&quot;classic&quot;}\">\n\t\t<div class=\"elementor-element elementor-element-b6877cc e-flex e-con-boxed e-con e-child\" data-id=\"b6877cc\" data-element_type=\"container\" data-e-type=\"container\" data-settings=\"{&quot;background_background&quot;:&quot;classic&quot;}\">\n\t\t\t\t\t<div class=\"e-con-inner\">\n\t\t\t\t<div class=\"elementor-element elementor-element-f05c94f elementor-widget elementor-widget-heading\" data-id=\"f05c94f\" data-element_type=\"widget\" data-e-type=\"widget\" data-widget_type=\"heading.default\">\n\t\t\t\t<div class=\"elementor-widget-container\">\n\t\t\t\t\t<h2 class=\"elementor-heading-title elementor-size-default\">O nama<\/h2>\t\t\t\t<\/div>\n\t\t\t\t<\/div>\n\t\t\t\t<div class=\"elementor-element elementor-element-ff45737 elementor-widget elementor-widget-text-editor\" data-id=\"ff45737\" data-element_type=\"widget\" data-e-type=\"widget\" data-widget_type=\"text-editor.default\">\n\t\t\t\t<div class=\"elementor-widget-container\">\n\t\t\t\t\t\t\t\t\t<p>Tamo gde se drugi gube u papirima, mi pronalazimo re\u0161enja spajaju\u0107i ra\u010dunovodstvo i pravo.<\/p>\t\t\t\t\t\t\t\t<\/div>\n\t\t\t\t<\/div>\n\t\t\t\t\t<\/div>\n\t\t\t\t<\/div>\n\t\t\t\t<\/div>\n\t\t<div class=\"elementor-element elementor-element-1111b7c e-con-full e-flex e-con e-parent\" data-id=\"1111b7c\" data-element_type=\"container\" data-e-type=\"container\" data-settings=\"{&quot;background_background&quot;:&quot;classic&quot;}\">\n\t\t\t\t<div class=\"elementor-element elementor-element-a15b8f7 elementor-widget__width-initial elementor-widget elementor-widget-text-editor\" data-id=\"a15b8f7\" data-element_type=\"widget\" data-e-type=\"widget\" data-widget_type=\"text-editor.default\">\n\t\t\t\t<div class=\"elementor-widget-container\">\n\t\t\t\t\t\t\t\t\t<p>U svetu u kojem se zakoni i propisi neprestano menjaju, svako obavljanje privredne delatnosti zahteva adekvatnu pravnu podr\u0161ku u kretanju kroz slo\u017eene pravne okvire zemalja u kojima subjekti posluju.<\/p>\t\t\t\t\t\t\t\t<\/div>\n\t\t\t\t<\/div>\n\t\t\t\t<div class=\"elementor-element elementor-element-cc529ad elementor-widget__width-initial elementor-widget elementor-widget-text-editor\" data-id=\"cc529ad\" data-element_type=\"widget\" data-e-type=\"widget\" data-widget_type=\"text-editor.default\">\n\t\t\t\t<div class=\"elementor-widget-container\">\n\t\t\t\t\t\t\t\t\t<p>Od samog po\u010detka, postavili smo svoj cilj da budemo izvrsni prema na\u0161im klijentima. Pru\u017eamo usluge u vezi sa poreskim, privrednim, radnim pravom, deviznim poslovanjem, transfernim cenama i imigracionim pitanjima. Tim stru\u010dnjaka Milosavljevi\u0107 &amp; Dabeti\u0107 pru\u017ea usluge i u drugim oblastima prava.<\/p>\t\t\t\t\t\t\t\t<\/div>\n\t\t\t\t<\/div>\n\t\t\t\t<div class=\"elementor-element elementor-element-64e85e9 elementor-widget__width-initial elementor-widget elementor-widget-text-editor\" data-id=\"64e85e9\" data-element_type=\"widget\" data-e-type=\"widget\" data-widget_type=\"text-editor.default\">\n\t\t\t\t<div class=\"elementor-widget-container\">\n\t\t\t\t\t\t\t\t\t<p>Tim kancelarije Milosavljevi\u0107 &amp; Dabeti\u0107 \u010dine visoko kvalifikovani pojedinci posve\u0107eni svojoj profesiji i povezani zajedni\u010dkim vrednostima, gde su interesi klijenata na prvom mestu. Koriste\u0107i objedinjeno iskustvo i detaljno poznavanje srpskih i me\u0111unarodnih poreskih propisa, klijentima pru\u017eamo dodatu vrednost, osiguravaju\u0107i napredak njihovim delatnostima i omogu\u0107avaju\u0107i im da se posvete \u0161irenju i unapre\u0111enju svog poslovanja.<\/p>\t\t\t\t\t\t\t\t<\/div>\n\t\t\t\t<\/div>\n\t\t\t\t<div class=\"elementor-element elementor-element-b86476d elementor-widget__width-initial elementor-widget elementor-widget-text-editor\" data-id=\"b86476d\" data-element_type=\"widget\" data-e-type=\"widget\" data-widget_type=\"text-editor.default\">\n\t\t\t\t<div class=\"elementor-widget-container\">\n\t\t\t\t\t\t\t\t\t<p>Ono \u0161to nas \u010dini jedinstvenim na srpskom i regionalnom tr\u017ei\u0161tu jeste na\u0161e dubinsko poznavanje pravila ra\u010dunovodstva, transfernih cena i poreske revizije, koje uspe\u0161no spajamo sa izvanrednim poznavanjem zakona i drugih propisa.<\/p>\t\t\t\t\t\t\t\t<\/div>\n\t\t\t\t<\/div>\n\t\t\t\t<div class=\"elementor-element elementor-element-42db004 elementor-widget__width-initial elementor-widget elementor-widget-text-editor\" data-id=\"42db004\" data-element_type=\"widget\" data-e-type=\"widget\" data-widget_type=\"text-editor.default\">\n\t\t\t\t<div class=\"elementor-widget-container\">\n\t\t\t\t\t\t\t\t\t<p>Pristupamo svakom klijentu individualno, nude\u0107i prilago\u0111ena re\u0161enja i inovativne odgovore na sve pravne izazove s kojima se oni suo\u010davaju. \n\nNa\u0161 pristup temelji se na pronala\u017eenju najboljih re\u0161enja koja prevazilaze o\u010dekivanja klijenata. \n\nU potpunosti smo posve\u0107eni i spremni da re\u0161avamo i najkompleksnije pravne probleme, \u0161to nas \u010dini idealnim partnerom za sve pravne subjekte i pojedince koji posluju u Srbiji.<\/p>\t\t\t\t\t\t\t\t<\/div>\n\t\t\t\t<\/div>\n\t\t\t\t<\/div>\n\t\t\t\t<\/div>","protected":false},"excerpt":{"rendered":"<p>About us Where others are lost in papers, we find solutions by bringing together accounting and law. In a world [&hellip;]<\/p>","protected":false},"author":1,"featured_media":0,"parent":0,"menu_order":0,"comment_status":"closed","ping_status":"closed","template":"","meta":{"site-sidebar-layout":"no-sidebar","site-content-layout":"","ast-site-content-layout":"full-width-container","site-content-style":"default","site-sidebar-style":"default","ast-global-header-display":"","ast-banner-title-visibility":"","ast-main-header-display":"","ast-hfb-above-header-display":"","ast-hfb-below-header-display":"","ast-hfb-mobile-header-display":"","site-post-title":"disabled","ast-breadcrumbs-content":"","ast-featured-img":"disabled","footer-sml-layout":"","ast-disable-related-posts":"","theme-transparent-header-meta":"","adv-header-id-meta":"","stick-header-meta":"","header-above-stick-meta":"","header-main-stick-meta":"","header-below-stick-meta":"","astra-migrate-meta-layouts":"default","ast-page-background-enabled":"default","ast-page-background-meta":{"desktop":{"background-color":"var(--ast-global-color-5)","background-image":"","background-repeat":"repeat","background-position":"center center","background-size":"auto","background-attachment":"scroll","background-type":"","background-media":"","overlay-type":"","overlay-color":"","overlay-opacity":"","overlay-gradient":""},"tablet":{"background-color":"","background-image":"","background-repeat":"repeat","background-position":"center center","background-size":"auto","background-attachment":"scroll","background-type":"","background-media":"","overlay-type":"","overlay-color":"","overlay-opacity":"","overlay-gradient":""},"mobile":{"background-color":"","background-image":"","background-repeat":"repeat","background-position":"center center","background-size":"auto","background-attachment":"scroll","background-type":"","background-media":"","overlay-type":"","overlay-color":"","overlay-opacity":"","overlay-gradient":""}},"ast-content-background-meta":{"desktop":{"background-color":"var(--ast-global-color-4)","background-image":"","background-repeat":"repeat","background-position":"center center","background-size":"auto","background-attachment":"scroll","background-type":"","background-media":"","overlay-type":"","overlay-color":"","overlay-opacity":"","overlay-gradient":""},"tablet":{"background-color":"var(--ast-global-color-4)","background-image":"","background-repeat":"repeat","background-position":"center center","background-size":"auto","background-attachment":"scroll","background-type":"","background-media":"","overlay-type":"","overlay-color":"","overlay-opacity":"","overlay-gradient":""},"mobile":{"background-color":"var(--ast-global-color-4)","background-image":"","background-repeat":"repeat","background-position":"center center","background-size":"auto","background-attachment":"scroll","background-type":"","background-media":"","overlay-type":"","overlay-color":"","overlay-opacity":"","overlay-gradient":""}},"footnotes":""},"class_list":["post-64","page","type-page","status-publish","hentry"],"_links":{"self":[{"href":"https:\/\/milosavljevic-dabetic.rs\/sr\/wp-json\/wp\/v2\/pages\/64","targetHints":{"allow":["GET"]}}],"collection":[{"href":"https:\/\/milosavljevic-dabetic.rs\/sr\/wp-json\/wp\/v2\/pages"}],"about":[{"href":"https:\/\/milosavljevic-dabetic.rs\/sr\/wp-json\/wp\/v2\/types\/page"}],"author":[{"embeddable":true,"href":"https:\/\/milosavljevic-dabetic.rs\/sr\/wp-json\/wp\/v2\/users\/1"}],"replies":[{"embeddable":true,"href":"https:\/\/milosavljevic-dabetic.rs\/sr\/wp-json\/wp\/v2\/comments?post=64"}],"version-history":[{"count":52,"href":"https:\/\/milosavljevic-dabetic.rs\/sr\/wp-json\/wp\/v2\/pages\/64\/revisions"}],"predecessor-version":[{"id":1108,"href":"https:\/\/milosavljevic-dabetic.rs\/sr\/wp-json\/wp\/v2\/pages\/64\/revisions\/1108"}],"wp:attachment":[{"href":"https:\/\/milosavljevic-dabetic.rs\/sr\/wp-json\/wp\/v2\/media?parent=64"}],"curies":[{"name":"wp","href":"https:\/\/api.w.org\/{rel}","templated":true}]}}