{"id":510,"date":"2025-03-18T15:50:20","date_gmt":"2025-03-18T15:50:20","guid":{"rendered":"https:\/\/milosavljevic-dabetic.rs\/?page_id=510"},"modified":"2025-03-19T17:23:11","modified_gmt":"2025-03-19T17:23:11","slug":"svetlana-perovic","status":"publish","type":"page","link":"https:\/\/milosavljevic-dabetic.rs\/sr\/svetlana-perovic\/","title":{"rendered":"Svetlana Perovi\u0107"},"content":{"rendered":"<div data-elementor-type=\"wp-page\" data-elementor-id=\"510\" class=\"elementor elementor-510\" data-elementor-post-type=\"page\">\n\t\t\t\t<div class=\"elementor-element elementor-element-65a8251 e-flex e-con-boxed e-con e-parent\" data-id=\"65a8251\" data-element_type=\"container\" data-e-type=\"container\" data-settings=\"{&quot;background_background&quot;:&quot;classic&quot;}\">\n\t\t\t\t\t<div class=\"e-con-inner\">\n\t\t\t\t\t<\/div>\n\t\t\t\t<\/div>\n\t\t<div class=\"elementor-element elementor-element-a4aecff e-con-full e-flex e-con e-parent\" data-id=\"a4aecff\" data-element_type=\"container\" data-e-type=\"container\" data-settings=\"{&quot;background_background&quot;:&quot;classic&quot;}\">\n\t\t\t\t<div class=\"elementor-element elementor-element-e775f01 elementor-widget elementor-widget-text-editor\" data-id=\"e775f01\" data-element_type=\"widget\" data-e-type=\"widget\" data-widget_type=\"text-editor.default\">\n\t\t\t\t<div class=\"elementor-widget-container\">\n\t\t\t\t\t\t\t\t\t<p>Na\u0161 tim<\/p>\t\t\t\t\t\t\t\t<\/div>\n\t\t\t\t<\/div>\n\t\t\t\t<div class=\"elementor-element elementor-element-d2cc652 elementor-widget elementor-widget-heading\" data-id=\"d2cc652\" data-element_type=\"widget\" data-e-type=\"widget\" data-widget_type=\"heading.default\">\n\t\t\t\t<div class=\"elementor-widget-container\">\n\t\t\t\t\t<h2 class=\"elementor-heading-title elementor-size-default\">Stru\u010dnjak<\/h2>\t\t\t\t<\/div>\n\t\t\t\t<\/div>\n\t\t\t\t<\/div>\n\t\t<div class=\"elementor-element elementor-element-65fe76a e-flex e-con-boxed e-con e-parent\" data-id=\"65fe76a\" data-element_type=\"container\" data-e-type=\"container\" data-settings=\"{&quot;background_background&quot;:&quot;classic&quot;}\">\n\t\t\t\t\t<div class=\"e-con-inner\">\n\t\t\t\t<div class=\"elementor-element elementor-element-25135ef elementor-widget elementor-widget-image\" data-id=\"25135ef\" data-element_type=\"widget\" data-e-type=\"widget\" data-widget_type=\"image.default\">\n\t\t\t\t<div class=\"elementor-widget-container\">\n\t\t\t\t\t\t\t\t\t\t\t\t\t\t\t<img fetchpriority=\"high\" decoding=\"async\" width=\"758\" height=\"505\" src=\"https:\/\/milosavljevic-dabetic.rs\/wp-content\/uploads\/2025\/03\/Svetlana-Perovic-1.png\" class=\"attachment-full size-full wp-image-304\" alt=\"Svetlana Perovi\u0107 photo\" srcset=\"https:\/\/milosavljevic-dabetic.rs\/wp-content\/uploads\/2025\/03\/Svetlana-Perovic-1.png 758w, https:\/\/milosavljevic-dabetic.rs\/wp-content\/uploads\/2025\/03\/Svetlana-Perovic-1-300x200.png 300w\" sizes=\"(max-width: 758px) 100vw, 758px\" \/>\t\t\t\t\t\t\t\t\t\t\t\t\t\t\t<\/div>\n\t\t\t\t<\/div>\n\t\t<div class=\"elementor-element elementor-element-1792c9c e-con-full e-flex e-con e-child\" data-id=\"1792c9c\" data-element_type=\"container\" data-e-type=\"container\">\n\t\t\t\t<div class=\"elementor-element elementor-element-fe5ec3a elementor-widget elementor-widget-text-editor\" data-id=\"fe5ec3a\" data-element_type=\"widget\" data-e-type=\"widget\" data-widget_type=\"text-editor.default\">\n\t\t\t\t<div class=\"elementor-widget-container\">\n\t\t\t\t\t\t\t\t\t<p>Advokat - konsultant pri AK Milosavljevi\u0107 &amp; Dabeti\u0107<\/p>\t\t\t\t\t\t\t\t<\/div>\n\t\t\t\t<\/div>\n\t\t\t\t<div class=\"elementor-element elementor-element-29eb594 elementor-widget elementor-widget-heading\" data-id=\"29eb594\" data-element_type=\"widget\" data-e-type=\"widget\" data-widget_type=\"heading.default\">\n\t\t\t\t<div class=\"elementor-widget-container\">\n\t\t\t\t\t<h2 class=\"elementor-heading-title elementor-size-default\">Svetlana N. Perovi\u0107<\/h2>\t\t\t\t<\/div>\n\t\t\t\t<\/div>\n\t\t\t\t<div class=\"elementor-element elementor-element-a749f40 elementor-hidden-desktop elementor-hidden-tablet elementor-hidden-mobile elementor-widget elementor-widget-text-editor\" data-id=\"a749f40\" data-element_type=\"widget\" data-e-type=\"widget\" data-widget_type=\"text-editor.default\">\n\t\t\t\t<div class=\"elementor-widget-container\">\n\t\t\t\t\t\t\t\t\t<p>Specijalista u oblasti poreskog savetovanja<\/p>\t\t\t\t\t\t\t\t<\/div>\n\t\t\t\t<\/div>\n\t\t\t\t<div class=\"elementor-element elementor-element-3217698 elementor-widget elementor-widget-text-editor\" data-id=\"3217698\" data-element_type=\"widget\" data-e-type=\"widget\" data-widget_type=\"text-editor.default\">\n\t\t\t\t<div class=\"elementor-widget-container\">\n\t\t\t\t\t\t\t\t\t<p>E-Mail: <a href=\"mailto:svetlana.perovic@milosavljevic-dabetic.rs\">svetlana.perovic@<wbr \/>milosavljevic-dabetic.rs<\/a><\/p>\t\t\t\t\t\t\t\t<\/div>\n\t\t\t\t<\/div>\n\t\t\t\t<\/div>\n\t\t\t\t\t<\/div>\n\t\t\t\t<\/div>\n\t\t<div class=\"elementor-element elementor-element-0bc34be e-flex e-con-boxed e-con e-parent\" data-id=\"0bc34be\" data-element_type=\"container\" data-e-type=\"container\" data-settings=\"{&quot;background_background&quot;:&quot;classic&quot;}\">\n\t\t\t\t\t<div class=\"e-con-inner\">\n\t\t<div class=\"elementor-element elementor-element-5f3ee04 e-con-full e-flex e-con e-child\" data-id=\"5f3ee04\" data-element_type=\"container\" data-e-type=\"container\">\n\t\t\t\t<div class=\"elementor-element elementor-element-3e2c313 elementor-widget elementor-widget-text-editor\" data-id=\"3e2c313\" data-element_type=\"widget\" data-e-type=\"widget\" data-widget_type=\"text-editor.default\">\n\t\t\t\t<div class=\"elementor-widget-container\">\n\t\t\t\t\t\t\t\t\t<p>Iskusni advokat sa bogatim iskustvom u velikim poslovnim transakcijama (M&amp;A), privrednom pravu i nepokretnostima. Sa dokazanim rezultatima u izgradnji i restrukturiranju pravnih funkcija unutar organizacija, pru\u017ea efikasnu i isplativu pravnu podr\u0161ku prilago\u0111enu slo\u017eenim poslovnim potrebama.<\/p><p>Na rukovode\u0107oj poziciji kao\u00a0direktor pravne funkcije\u00a0za Republiku Srbiju u multinacionalnoj korporaciji koja posluje na vi\u0161e kontinenata, uspe\u0161no je reorganizovala pravne operacije u postprivatizacionom okru\u017eenju, implementiraju\u0107i optimizovane procese i zna\u010dajno smanjuju\u0107i eksterne tro\u0161kove.<\/p><p>Njeno iskustvo obuhvata \u0161irok spektar industrija, uklju\u010duju\u0107i\u00a0ugostiteljstvo, rudarstvo, nepokretnosti, luke, brodogradili\u0161ta, energetiku i poljoprivredu.<\/p><p>Prepoznata je po uspe\u0161nom vo\u0111enju slo\u017eenih privatizacija u\u00a0Srbiji\u00a0i\u00a0Crnoj Gori\u00a0i odlikuje se pru\u017eanjem strate\u0161kih pravnih re\u0161enja koja omogu\u0107avaju poslovni uspeh.<\/p>\t\t\t\t\t\t\t\t<\/div>\n\t\t\t\t<\/div>\n\t\t\t\t<\/div>\n\t\t\t\t\t<\/div>\n\t\t\t\t<\/div>\n\t\t<div class=\"elementor-element elementor-element-d9bf67e e-con-full e-flex e-con e-parent\" data-id=\"d9bf67e\" data-element_type=\"container\" data-e-type=\"container\" data-settings=\"{&quot;background_background&quot;:&quot;classic&quot;}\">\n\t\t\t\t<div class=\"elementor-element elementor-element-20492ab elementor-widget elementor-widget-heading\" data-id=\"20492ab\" data-element_type=\"widget\" data-e-type=\"widget\" data-widget_type=\"heading.default\">\n\t\t\t\t<div class=\"elementor-widget-container\">\n\t\t\t\t\t<h2 class=\"elementor-heading-title elementor-size-default\">POTREBAN VAM JE PRAVNI SAVET?<\/h2>\t\t\t\t<\/div>\n\t\t\t\t<\/div>\n\t\t\t\t<div class=\"elementor-element elementor-element-ac439ca elementor-widget elementor-widget-button\" data-id=\"ac439ca\" data-element_type=\"widget\" data-e-type=\"widget\" data-widget_type=\"button.default\">\n\t\t\t\t<div class=\"elementor-widget-container\">\n\t\t\t\t\t\t\t\t\t<div class=\"elementor-button-wrapper\">\n\t\t\t\t\t<a class=\"elementor-button elementor-button-link elementor-size-sm\" href=\"https:\/\/milosavljevic-dabetic.rs\/sr\/contact\/\">\n\t\t\t\t\t\t<span class=\"elementor-button-content-wrapper\">\n\t\t\t\t\t\t\t\t\t<span class=\"elementor-button-text\">KONTAKTIRAJTE NAS<\/span>\n\t\t\t\t\t<\/span>\n\t\t\t\t\t<\/a>\n\t\t\t\t<\/div>\n\t\t\t\t\t\t\t\t<\/div>\n\t\t\t\t<\/div>\n\t\t\t\t<\/div>\n\t\t\t\t<\/div>","protected":false},"excerpt":{"rendered":"<p>Our Team Expert Of counsel Attorney at Law at Law office Milosavljevic &amp; Dabetic Svetlana N. Perovi\u0107 Specialist in the [&hellip;]<\/p>","protected":false},"author":1,"featured_media":0,"parent":0,"menu_order":0,"comment_status":"closed","ping_status":"closed","template":"","meta":{"site-sidebar-layout":"no-sidebar","site-content-layout":"","ast-site-content-layout":"full-width-container","site-content-style":"default","site-sidebar-style":"default","ast-global-header-display":"","ast-banner-title-visibility":"","ast-main-header-display":"","ast-hfb-above-header-display":"","ast-hfb-below-header-display":"","ast-hfb-mobile-header-display":"","site-post-title":"disabled","ast-breadcrumbs-content":"","ast-featured-img":"disabled","footer-sml-layout":"","ast-disable-related-posts":"","theme-transparent-header-meta":"","adv-header-id-meta":"","stick-header-meta":"","header-above-stick-meta":"","header-main-stick-meta":"","header-below-stick-meta":"","astra-migrate-meta-layouts":"default","ast-page-background-enabled":"default","ast-page-background-meta":{"desktop":{"background-color":"var(--ast-global-color-5)","background-image":"","background-repeat":"repeat","background-position":"center center","background-size":"auto","background-attachment":"scroll","background-type":"","background-media":"","overlay-type":"","overlay-color":"","overlay-opacity":"","overlay-gradient":""},"tablet":{"background-color":"","background-image":"","background-repeat":"repeat","background-position":"center center","background-size":"auto","background-attachment":"scroll","background-type":"","background-media":"","overlay-type":"","overlay-color":"","overlay-opacity":"","overlay-gradient":""},"mobile":{"background-color":"","background-image":"","background-repeat":"repeat","background-position":"center center","background-size":"auto","background-attachment":"scroll","background-type":"","background-media":"","overlay-type":"","overlay-color":"","overlay-opacity":"","overlay-gradient":""}},"ast-content-background-meta":{"desktop":{"background-color":"var(--ast-global-color-4)","background-image":"","background-repeat":"repeat","background-position":"center center","background-size":"auto","background-attachment":"scroll","background-type":"","background-media":"","overlay-type":"","overlay-color":"","overlay-opacity":"","overlay-gradient":""},"tablet":{"background-color":"var(--ast-global-color-4)","background-image":"","background-repeat":"repeat","background-position":"center center","background-size":"auto","background-attachment":"scroll","background-type":"","background-media":"","overlay-type":"","overlay-color":"","overlay-opacity":"","overlay-gradient":""},"mobile":{"background-color":"var(--ast-global-color-4)","background-image":"","background-repeat":"repeat","background-position":"center center","background-size":"auto","background-attachment":"scroll","background-type":"","background-media":"","overlay-type":"","overlay-color":"","overlay-opacity":"","overlay-gradient":""}},"footnotes":""},"class_list":["post-510","page","type-page","status-publish","hentry"],"_links":{"self":[{"href":"https:\/\/milosavljevic-dabetic.rs\/sr\/wp-json\/wp\/v2\/pages\/510","targetHints":{"allow":["GET"]}}],"collection":[{"href":"https:\/\/milosavljevic-dabetic.rs\/sr\/wp-json\/wp\/v2\/pages"}],"about":[{"href":"https:\/\/milosavljevic-dabetic.rs\/sr\/wp-json\/wp\/v2\/types\/page"}],"author":[{"embeddable":true,"href":"https:\/\/milosavljevic-dabetic.rs\/sr\/wp-json\/wp\/v2\/users\/1"}],"replies":[{"embeddable":true,"href":"https:\/\/milosavljevic-dabetic.rs\/sr\/wp-json\/wp\/v2\/comments?post=510"}],"version-history":[{"count":22,"href":"https:\/\/milosavljevic-dabetic.rs\/sr\/wp-json\/wp\/v2\/pages\/510\/revisions"}],"predecessor-version":[{"id":880,"href":"https:\/\/milosavljevic-dabetic.rs\/sr\/wp-json\/wp\/v2\/pages\/510\/revisions\/880"}],"wp:attachment":[{"href":"https:\/\/milosavljevic-dabetic.rs\/sr\/wp-json\/wp\/v2\/media?parent=510"}],"curies":[{"name":"wp","href":"https:\/\/api.w.org\/{rel}","templated":true}]}}