{"id":421,"date":"2025-03-17T20:03:40","date_gmt":"2025-03-17T20:03:40","guid":{"rendered":"https:\/\/milosavljevic-dabetic.rs\/?page_id=421"},"modified":"2025-07-01T08:17:24","modified_gmt":"2025-07-01T08:17:24","slug":"dejan-dabetic","status":"publish","type":"page","link":"https:\/\/milosavljevic-dabetic.rs\/sr\/dejan-dabetic\/","title":{"rendered":"Dejana Dabeti\u0107a"},"content":{"rendered":"<div data-elementor-type=\"wp-page\" data-elementor-id=\"421\" class=\"elementor elementor-421\" data-elementor-post-type=\"page\">\n\t\t\t\t<div class=\"elementor-element elementor-element-65a8251 e-flex e-con-boxed e-con e-parent\" data-id=\"65a8251\" data-element_type=\"container\" data-e-type=\"container\" data-settings=\"{&quot;background_background&quot;:&quot;classic&quot;}\">\n\t\t\t\t\t<div class=\"e-con-inner\">\n\t\t\t\t\t<\/div>\n\t\t\t\t<\/div>\n\t\t<div class=\"elementor-element elementor-element-a4aecff e-con-full e-flex e-con e-parent\" data-id=\"a4aecff\" data-element_type=\"container\" data-e-type=\"container\" data-settings=\"{&quot;background_background&quot;:&quot;classic&quot;}\">\n\t\t\t\t<div class=\"elementor-element elementor-element-e775f01 elementor-widget elementor-widget-text-editor\" data-id=\"e775f01\" data-element_type=\"widget\" data-e-type=\"widget\" data-widget_type=\"text-editor.default\">\n\t\t\t\t<div class=\"elementor-widget-container\">\n\t\t\t\t\t\t\t\t\t<p>Na\u0161 tim<\/p>\t\t\t\t\t\t\t\t<\/div>\n\t\t\t\t<\/div>\n\t\t\t\t<div class=\"elementor-element elementor-element-d2cc652 elementor-widget elementor-widget-heading\" data-id=\"d2cc652\" data-element_type=\"widget\" data-e-type=\"widget\" data-widget_type=\"heading.default\">\n\t\t\t\t<div class=\"elementor-widget-container\">\n\t\t\t\t\t<h2 class=\"elementor-heading-title elementor-size-default\">Stru\u010dnjak<\/h2>\t\t\t\t<\/div>\n\t\t\t\t<\/div>\n\t\t\t\t<\/div>\n\t\t<div class=\"elementor-element elementor-element-65fe76a e-flex e-con-boxed e-con e-parent\" data-id=\"65fe76a\" data-element_type=\"container\" data-e-type=\"container\" data-settings=\"{&quot;background_background&quot;:&quot;classic&quot;}\">\n\t\t\t\t\t<div class=\"e-con-inner\">\n\t\t\t\t<div class=\"elementor-element elementor-element-25135ef elementor-widget elementor-widget-image\" data-id=\"25135ef\" data-element_type=\"widget\" data-e-type=\"widget\" data-widget_type=\"image.default\">\n\t\t\t\t<div class=\"elementor-widget-container\">\n\t\t\t\t\t\t\t\t\t\t\t\t\t\t\t<img fetchpriority=\"high\" decoding=\"async\" width=\"757\" height=\"505\" src=\"https:\/\/milosavljevic-dabetic.rs\/wp-content\/uploads\/2025\/03\/Dejan-Dabetic-1.jpg\" class=\"attachment-full size-full wp-image-301\" alt=\"\" srcset=\"https:\/\/milosavljevic-dabetic.rs\/wp-content\/uploads\/2025\/03\/Dejan-Dabetic-1.jpg 757w, https:\/\/milosavljevic-dabetic.rs\/wp-content\/uploads\/2025\/03\/Dejan-Dabetic-1-300x200.jpg 300w\" sizes=\"(max-width: 757px) 100vw, 757px\" \/>\t\t\t\t\t\t\t\t\t\t\t\t\t\t\t<\/div>\n\t\t\t\t<\/div>\n\t\t<div class=\"elementor-element elementor-element-1792c9c e-con-full e-flex e-con e-child\" data-id=\"1792c9c\" data-element_type=\"container\" data-e-type=\"container\">\n\t\t\t\t<div class=\"elementor-element elementor-element-fe5ec3a elementor-widget elementor-widget-text-editor\" data-id=\"fe5ec3a\" data-element_type=\"widget\" data-e-type=\"widget\" data-widget_type=\"text-editor.default\">\n\t\t\t\t<div class=\"elementor-widget-container\">\n\t\t\t\t\t\t\t\t\t<p>Samostalni poreski konsultant,<br \/>u saradnji sa AK Milosavljevi\u0107 &amp; Dabeti\u0107<\/p>\t\t\t\t\t\t\t\t<\/div>\n\t\t\t\t<\/div>\n\t\t\t\t<div class=\"elementor-element elementor-element-29eb594 elementor-widget elementor-widget-heading\" data-id=\"29eb594\" data-element_type=\"widget\" data-e-type=\"widget\" data-widget_type=\"heading.default\">\n\t\t\t\t<div class=\"elementor-widget-container\">\n\t\t\t\t\t<h2 class=\"elementor-heading-title elementor-size-default\">Mr Dejan Dabeti\u0107<\/h2>\t\t\t\t<\/div>\n\t\t\t\t<\/div>\n\t\t\t\t<div class=\"elementor-element elementor-element-a749f40 elementor-hidden-desktop elementor-hidden-tablet elementor-hidden-mobile elementor-widget elementor-widget-text-editor\" data-id=\"a749f40\" data-element_type=\"widget\" data-e-type=\"widget\" data-widget_type=\"text-editor.default\">\n\t\t\t\t<div class=\"elementor-widget-container\">\n\t\t\t\t\t\t\t\t\t<p>Specijalista u oblasti poreskog savetovanja<\/p>\t\t\t\t\t\t\t\t<\/div>\n\t\t\t\t<\/div>\n\t\t\t\t<div class=\"elementor-element elementor-element-3217698 elementor-widget elementor-widget-text-editor\" data-id=\"3217698\" data-element_type=\"widget\" data-e-type=\"widget\" data-widget_type=\"text-editor.default\">\n\t\t\t\t<div class=\"elementor-widget-container\">\n\t\t\t\t\t\t\t\t\t<p>E-Mail: <a href=\"mailto:dejan.dabetic@milosavljevic-dabetic.rs\">dejan.dabetic@<wbr \/>milosavljevic-dabetic.rs<\/a><\/p>\t\t\t\t\t\t\t\t<\/div>\n\t\t\t\t<\/div>\n\t\t\t\t<\/div>\n\t\t\t\t\t<\/div>\n\t\t\t\t<\/div>\n\t\t<div class=\"elementor-element elementor-element-0bc34be e-flex e-con-boxed e-con e-parent\" data-id=\"0bc34be\" data-element_type=\"container\" data-e-type=\"container\" data-settings=\"{&quot;background_background&quot;:&quot;classic&quot;}\">\n\t\t\t\t\t<div class=\"e-con-inner\">\n\t\t<div class=\"elementor-element elementor-element-5f3ee04 e-con-full e-flex e-con e-child\" data-id=\"5f3ee04\" data-element_type=\"container\" data-e-type=\"container\">\n\t\t\t\t<div class=\"elementor-element elementor-element-3e2c313 elementor-widget elementor-widget-text-editor\" data-id=\"3e2c313\" data-element_type=\"widget\" data-e-type=\"widget\" data-widget_type=\"text-editor.default\">\n\t\t\t\t<div class=\"elementor-widget-container\">\n\t\t\t\t\t\t\t\t\t<p>Mr Dejan Dabeti\u0107 je u svojstvu \u0161efa delegacije Republike Srbije, skoro 40 godina, bio odgovoran za celokupan proces pregovaranja i primene ugovora o izbegavanju dvostrukog oporezivanja (UIDO) izme\u0111u Republike Srbije i drugih zemalja.<\/p>\n<p>Od 64 UIDO koje Srbija trenutno primenjuje, Dejan je direktno pregovarao oko njih 60. Ukupno, vodio pregovore za oko 100 ugovora, od kojih 40 jo\u0161 uvek nisu na snazi.<\/p>\n<p>Dejan je autor svih srpskih zvani\u010dnih mi\u0161ljenja u vezi sa primenom i tuma\u010denjem zaklju\u010denih ugovora.<\/p>\n<p>Aktivno je u\u010destvovao na brojnim me\u0111unarodnim simpozijumima, seminarima, radionicama i forumima (u organizaciji OECD, UN i drugih me\u0111unarodnih organizacija) o oporezivanju prekograni\u010dnih transakcija, \u010desto kao predava\u010d.<\/p>\n<p>Dejan je sa OECD-om aktivno sara\u0111ivao vi\u0161e od 23 godine, do 2025, tokom kojih je bio predstavnik Republike Srbije u Inkluzivnom okviru, Radnoj grupi broj 1, nadle\u017enoj za UIDO, Forumu poreskih administracija, nadle\u017enom za Postupke zajedni\u010dkog dogovaranja i dr.<\/p>\n<p>Dejan je, tako\u0111e, bio zadu\u017een i za razmenu obave\u0161tenja u skladu sa UIDO. Vode\u0107i je ekspert u ovoj materiji u Republici Srbiji i na me\u0111unarodnom nivou.<\/p>\n<p>Objavio je veliki broj stru\u010dnih tekstova o re\u0161enjima iz UIDO izme\u0111u Republike Srbije i drugih zemalja.<\/p>\n<p>Nakon \u0161to se pridru\u017eio advokatskoj kancelariji Milosavljevi\u0107 &amp; Dabeti\u0107, Dejan je ulo\u017eio svoje znanje i iskustvo u pomaganje na\u0161im klijentima da bolje razumeju poreski tretman doma\u0107ih i me\u0111unarodnih prekograni\u010dnih transakcija i na taj na\u010din, u potpunosti, ispo\u0161tuju sve zakonom propisane poreske obaveze.<\/p>\n<p>Dejan te\u010dno govori engleski i francuski jezik.<\/p>\t\t\t\t\t\t\t\t<\/div>\n\t\t\t\t<\/div>\n\t\t\t\t<\/div>\n\t\t\t\t\t<\/div>\n\t\t\t\t<\/div>\n\t\t<div class=\"elementor-element elementor-element-9423fc0 e-con-full e-flex e-con e-parent\" data-id=\"9423fc0\" data-element_type=\"container\" data-e-type=\"container\" data-settings=\"{&quot;background_background&quot;:&quot;classic&quot;}\">\n\t\t\t\t<div class=\"elementor-element elementor-element-c5a91c8 elementor-widget elementor-widget-heading\" data-id=\"c5a91c8\" data-element_type=\"widget\" data-e-type=\"widget\" data-widget_type=\"heading.default\">\n\t\t\t\t<div class=\"elementor-widget-container\">\n\t\t\t\t\t<h2 class=\"elementor-heading-title elementor-size-default\">POTREBAN VAM JE PRAVNI SAVET?<\/h2>\t\t\t\t<\/div>\n\t\t\t\t<\/div>\n\t\t\t\t<div class=\"elementor-element elementor-element-f8bbe15 elementor-widget elementor-widget-button\" data-id=\"f8bbe15\" data-element_type=\"widget\" data-e-type=\"widget\" data-widget_type=\"button.default\">\n\t\t\t\t<div class=\"elementor-widget-container\">\n\t\t\t\t\t\t\t\t\t<div class=\"elementor-button-wrapper\">\n\t\t\t\t\t<a class=\"elementor-button elementor-button-link elementor-size-sm\" href=\"https:\/\/milosavljevic-dabetic.rs\/sr\/contact\/\">\n\t\t\t\t\t\t<span class=\"elementor-button-content-wrapper\">\n\t\t\t\t\t\t\t\t\t<span class=\"elementor-button-text\">KONTAKTIRAJTE NAS<\/span>\n\t\t\t\t\t<\/span>\n\t\t\t\t\t<\/a>\n\t\t\t\t<\/div>\n\t\t\t\t\t\t\t\t<\/div>\n\t\t\t\t<\/div>\n\t\t\t\t<\/div>\n\t\t\t\t<\/div>","protected":false},"excerpt":{"rendered":"<p>Our Team Expert Independent Tax Consultant,in cooperation with Law office Milosavljevic &amp; Dabetic Dejan Dabeti\u0107, LL.M. Specialist in the field [&hellip;]<\/p>","protected":false},"author":1,"featured_media":0,"parent":0,"menu_order":0,"comment_status":"closed","ping_status":"closed","template":"","meta":{"site-sidebar-layout":"no-sidebar","site-content-layout":"","ast-site-content-layout":"full-width-container","site-content-style":"default","site-sidebar-style":"default","ast-global-header-display":"","ast-banner-title-visibility":"","ast-main-header-display":"","ast-hfb-above-header-display":"","ast-hfb-below-header-display":"","ast-hfb-mobile-header-display":"","site-post-title":"disabled","ast-breadcrumbs-content":"","ast-featured-img":"disabled","footer-sml-layout":"","ast-disable-related-posts":"","theme-transparent-header-meta":"","adv-header-id-meta":"","stick-header-meta":"","header-above-stick-meta":"","header-main-stick-meta":"","header-below-stick-meta":"","astra-migrate-meta-layouts":"default","ast-page-background-enabled":"default","ast-page-background-meta":{"desktop":{"background-color":"var(--ast-global-color-5)","background-image":"","background-repeat":"repeat","background-position":"center center","background-size":"auto","background-attachment":"scroll","background-type":"","background-media":"","overlay-type":"","overlay-color":"","overlay-opacity":"","overlay-gradient":""},"tablet":{"background-color":"","background-image":"","background-repeat":"repeat","background-position":"center center","background-size":"auto","background-attachment":"scroll","background-type":"","background-media":"","overlay-type":"","overlay-color":"","overlay-opacity":"","overlay-gradient":""},"mobile":{"background-color":"","background-image":"","background-repeat":"repeat","background-position":"center center","background-size":"auto","background-attachment":"scroll","background-type":"","background-media":"","overlay-type":"","overlay-color":"","overlay-opacity":"","overlay-gradient":""}},"ast-content-background-meta":{"desktop":{"background-color":"var(--ast-global-color-4)","background-image":"","background-repeat":"repeat","background-position":"center center","background-size":"auto","background-attachment":"scroll","background-type":"","background-media":"","overlay-type":"","overlay-color":"","overlay-opacity":"","overlay-gradient":""},"tablet":{"background-color":"var(--ast-global-color-4)","background-image":"","background-repeat":"repeat","background-position":"center center","background-size":"auto","background-attachment":"scroll","background-type":"","background-media":"","overlay-type":"","overlay-color":"","overlay-opacity":"","overlay-gradient":""},"mobile":{"background-color":"var(--ast-global-color-4)","background-image":"","background-repeat":"repeat","background-position":"center center","background-size":"auto","background-attachment":"scroll","background-type":"","background-media":"","overlay-type":"","overlay-color":"","overlay-opacity":"","overlay-gradient":""}},"footnotes":""},"class_list":["post-421","page","type-page","status-publish","hentry"],"_links":{"self":[{"href":"https:\/\/milosavljevic-dabetic.rs\/sr\/wp-json\/wp\/v2\/pages\/421","targetHints":{"allow":["GET"]}}],"collection":[{"href":"https:\/\/milosavljevic-dabetic.rs\/sr\/wp-json\/wp\/v2\/pages"}],"about":[{"href":"https:\/\/milosavljevic-dabetic.rs\/sr\/wp-json\/wp\/v2\/types\/page"}],"author":[{"embeddable":true,"href":"https:\/\/milosavljevic-dabetic.rs\/sr\/wp-json\/wp\/v2\/users\/1"}],"replies":[{"embeddable":true,"href":"https:\/\/milosavljevic-dabetic.rs\/sr\/wp-json\/wp\/v2\/comments?post=421"}],"version-history":[{"count":67,"href":"https:\/\/milosavljevic-dabetic.rs\/sr\/wp-json\/wp\/v2\/pages\/421\/revisions"}],"predecessor-version":[{"id":1319,"href":"https:\/\/milosavljevic-dabetic.rs\/sr\/wp-json\/wp\/v2\/pages\/421\/revisions\/1319"}],"wp:attachment":[{"href":"https:\/\/milosavljevic-dabetic.rs\/sr\/wp-json\/wp\/v2\/media?parent=421"}],"curies":[{"name":"wp","href":"https:\/\/api.w.org\/{rel}","templated":true}]}}