{"id":367,"date":"2025-03-17T18:24:38","date_gmt":"2025-03-17T18:24:38","guid":{"rendered":"https:\/\/milosavljevic-dabetic.rs\/?page_id=367"},"modified":"2025-05-21T09:38:29","modified_gmt":"2025-05-21T09:38:29","slug":"aleksandar-milosavljevic","status":"publish","type":"page","link":"https:\/\/milosavljevic-dabetic.rs\/sr\/aleksandar-milosavljevic\/","title":{"rendered":"Aleksandar Milosavljevi\u0107"},"content":{"rendered":"<div data-elementor-type=\"wp-page\" data-elementor-id=\"367\" class=\"elementor elementor-367\" data-elementor-post-type=\"page\">\n\t\t\t\t<div class=\"elementor-element elementor-element-65a8251 e-flex e-con-boxed e-con e-parent\" data-id=\"65a8251\" data-element_type=\"container\" data-e-type=\"container\" data-settings=\"{&quot;background_background&quot;:&quot;classic&quot;}\">\n\t\t\t\t\t<div class=\"e-con-inner\">\n\t\t\t\t\t<\/div>\n\t\t\t\t<\/div>\n\t\t<div class=\"elementor-element elementor-element-a4aecff e-con-full e-flex e-con e-parent\" data-id=\"a4aecff\" data-element_type=\"container\" data-e-type=\"container\" data-settings=\"{&quot;background_background&quot;:&quot;classic&quot;}\">\n\t\t\t\t<div class=\"elementor-element elementor-element-e775f01 elementor-widget elementor-widget-text-editor\" data-id=\"e775f01\" data-element_type=\"widget\" data-e-type=\"widget\" data-widget_type=\"text-editor.default\">\n\t\t\t\t<div class=\"elementor-widget-container\">\n\t\t\t\t\t\t\t\t\t<p>Na\u0161 tim<\/p>\t\t\t\t\t\t\t\t<\/div>\n\t\t\t\t<\/div>\n\t\t\t\t<div class=\"elementor-element elementor-element-d2cc652 elementor-widget elementor-widget-heading\" data-id=\"d2cc652\" data-element_type=\"widget\" data-e-type=\"widget\" data-widget_type=\"heading.default\">\n\t\t\t\t<div class=\"elementor-widget-container\">\n\t\t\t\t\t<h2 class=\"elementor-heading-title elementor-size-default\">Stru\u010dnjak<\/h2>\t\t\t\t<\/div>\n\t\t\t\t<\/div>\n\t\t\t\t<\/div>\n\t\t<div class=\"elementor-element elementor-element-65fe76a e-flex e-con-boxed e-con e-parent\" data-id=\"65fe76a\" data-element_type=\"container\" data-e-type=\"container\" data-settings=\"{&quot;background_background&quot;:&quot;classic&quot;}\">\n\t\t\t\t\t<div class=\"e-con-inner\">\n\t\t\t\t<div class=\"elementor-element elementor-element-25135ef elementor-widget elementor-widget-image\" data-id=\"25135ef\" data-element_type=\"widget\" data-e-type=\"widget\" data-widget_type=\"image.default\">\n\t\t\t\t<div class=\"elementor-widget-container\">\n\t\t\t\t\t\t\t\t\t\t\t\t\t\t\t<img fetchpriority=\"high\" decoding=\"async\" width=\"757\" height=\"505\" src=\"https:\/\/milosavljevic-dabetic.rs\/wp-content\/uploads\/2025\/03\/Aleksandar-Milosavljevic-photo.jpg\" class=\"attachment-full size-full wp-image-259\" alt=\"Aleksandar Milosavljevi\u0107 photo\" srcset=\"https:\/\/milosavljevic-dabetic.rs\/wp-content\/uploads\/2025\/03\/Aleksandar-Milosavljevic-photo.jpg 757w, https:\/\/milosavljevic-dabetic.rs\/wp-content\/uploads\/2025\/03\/Aleksandar-Milosavljevic-photo-300x200.jpg 300w\" sizes=\"(max-width: 757px) 100vw, 757px\" \/>\t\t\t\t\t\t\t\t\t\t\t\t\t\t\t<\/div>\n\t\t\t\t<\/div>\n\t\t<div class=\"elementor-element elementor-element-1792c9c e-con-full e-flex e-con e-child\" data-id=\"1792c9c\" data-element_type=\"container\" data-e-type=\"container\">\n\t\t\t\t<div class=\"elementor-element elementor-element-fe5ec3a elementor-widget elementor-widget-text-editor\" data-id=\"fe5ec3a\" data-element_type=\"widget\" data-e-type=\"widget\" data-widget_type=\"text-editor.default\">\n\t\t\t\t<div class=\"elementor-widget-container\">\n\t\t\t\t\t\t\t\t\t<p>Partner osniva\u010d, AK Miosavljevi\u0107 &amp; Dabeti\u0107<\/p>\t\t\t\t\t\t\t\t<\/div>\n\t\t\t\t<\/div>\n\t\t\t\t<div class=\"elementor-element elementor-element-29eb594 elementor-widget elementor-widget-heading\" data-id=\"29eb594\" data-element_type=\"widget\" data-e-type=\"widget\" data-widget_type=\"heading.default\">\n\t\t\t\t<div class=\"elementor-widget-container\">\n\t\t\t\t\t<h2 class=\"elementor-heading-title elementor-size-default\">Aleksandar P. Milosavljevi\u0107, LL.M.<\/h2>\t\t\t\t<\/div>\n\t\t\t\t<\/div>\n\t\t\t\t<div class=\"elementor-element elementor-element-a749f40 elementor-widget elementor-widget-text-editor\" data-id=\"a749f40\" data-element_type=\"widget\" data-e-type=\"widget\" data-widget_type=\"text-editor.default\">\n\t\t\t\t<div class=\"elementor-widget-container\">\n\t\t\t\t\t\t\t\t\t<p>Specijalista u oblasti poreskog savetovanja<\/p>\t\t\t\t\t\t\t\t<\/div>\n\t\t\t\t<\/div>\n\t\t\t\t<div class=\"elementor-element elementor-element-3217698 elementor-widget elementor-widget-text-editor\" data-id=\"3217698\" data-element_type=\"widget\" data-e-type=\"widget\" data-widget_type=\"text-editor.default\">\n\t\t\t\t<div class=\"elementor-widget-container\">\n\t\t\t\t\t\t\t\t\t<p>E-Mail: \u00a0<a href=\"mailto:aleksandar.milosavljevic@milosavljevic-dabetic.rs\" target=\"_blank\" rel=\"noopener\">aleksandar.milosavljevic@<wbr \/>milosavljevic-dabetic.rs<\/a><\/p>\t\t\t\t\t\t\t\t<\/div>\n\t\t\t\t<\/div>\n\t\t\t\t<\/div>\n\t\t\t\t\t<\/div>\n\t\t\t\t<\/div>\n\t\t<div class=\"elementor-element elementor-element-0bc34be e-flex e-con-boxed e-con e-parent\" data-id=\"0bc34be\" data-element_type=\"container\" data-e-type=\"container\" data-settings=\"{&quot;background_background&quot;:&quot;classic&quot;}\">\n\t\t\t\t\t<div class=\"e-con-inner\">\n\t\t<div class=\"elementor-element elementor-element-5f3ee04 e-con-full e-flex e-con e-child\" data-id=\"5f3ee04\" data-element_type=\"container\" data-e-type=\"container\">\n\t\t\t\t<div class=\"elementor-element elementor-element-3e2c313 elementor-widget elementor-widget-text-editor\" data-id=\"3e2c313\" data-element_type=\"widget\" data-e-type=\"widget\" data-widget_type=\"text-editor.default\">\n\t\t\t\t<div class=\"elementor-widget-container\">\n\t\t\t\t\t\t\t\t\t<p>Aleksandrova impresivna karijera traje vi\u0161e od 18 godina, tokom kojih je savetovao visokoprofilne klijente u vezi domac\u0301ih i me\u0111unarodnih poreskih pitanja, planirao i strukturirao brojne poslovne transakcije i bavio se ostalim relevantnim problemima.<\/p><p>Aleksandrova jedinstvena ve\u0161tina poti\u010de od dubokog i sveobuhvatnog razumevanja ra\u010dunovodstva i me\u0111unarodnih ra\u010dunovodstvenih standarda, \u0161to mu omoguc\u0301ava da razume sva poreska pitanja na vi\u0161em nivou.<\/p><p>Uspe\u0161no je zastupao pravna i fizi\u010dka lica pred Poreskom upravom Srbije i drugim dr\u017eavnim institucijama, kao i u poreskim krivi\u010dnim postupcima pred Dr\u017eavnim tu\u017eila\u0161tvom i nadle\u017enim sudovima.\u00a0<\/p><p><span style=\"font-style: inherit; font-weight: inherit; color: var( --e-global-color-text ); font-family: var( --e-global-typography-text-font-family ), Sans-serif;\">Diplomirao je na Pravnom fakultetu Univerziteta u Beogradu 2007. godine i ujedno se na istom fakultetu specijalizovao u oblastima poreskog savetovanja (2008) kao i transfernih cena (2013). Aleksandar je master pravnih nauka, odbraniv\u0161i sa odlikom rad na temu Poreski aspekti ugovora o gra\u0111enju na Pravnom fakultetu Univerziteta u Beogradu (2009).\u00a0<\/span><\/p><p>Pored toga uzeo je u\u010de\u0161\u0107e na \u201eCEE Vienna International Tax Law Summer School\u201d na Fakultetu za ekonomiju i biznis u Be\u010du (WU) gde je unapredio svoja znanja iz oblasti me\u0111unarodnog poreskog prava i ugovora o izbegavanju dvostrukog oporezivanja (2009).\u00a0<\/p><p>Prethodno iskustvo je sticao u advokatskoj kancelariji Karanovic &amp; Nikolic, Beograd, gde je bio anga\u017eovan kao advokat saradnik u poreskom odeljenju, zatim u me\u0111unarodnoj konsultantskoj i revizorskoj ku\u0107i BDO Business Advisory d.o.o. Beograd gde je radio kao poreski konsultant i poreski revizor, dok je same po\u010detke sticao u advokatskoj kancelariji Subotic-Homen, Beograd gde je radio kao advokatski pripravnik i kasnije kao advokat.<\/p><p>\u010clan je Advokatske komore Beograda i Srpskog fiskalnog dru\u0161tva.<\/p><p>Te\u010dno govori engleski, sa osnovnim poznavanjem italijanskog i gr\u010dkog.<\/p>\t\t\t\t\t\t\t\t<\/div>\n\t\t\t\t<\/div>\n\t\t\t\t<\/div>\n\t\t\t\t\t<\/div>\n\t\t\t\t<\/div>\n\t\t<div class=\"elementor-element elementor-element-51b43ee e-con-full e-flex e-con e-parent\" data-id=\"51b43ee\" data-element_type=\"container\" data-e-type=\"container\" data-settings=\"{&quot;background_background&quot;:&quot;classic&quot;}\">\n\t\t\t\t<div class=\"elementor-element elementor-element-a209317 elementor-widget elementor-widget-heading\" data-id=\"a209317\" data-element_type=\"widget\" data-e-type=\"widget\" data-widget_type=\"heading.default\">\n\t\t\t\t<div class=\"elementor-widget-container\">\n\t\t\t\t\t<h2 class=\"elementor-heading-title elementor-size-default\">POTREBAN VAM JE PRAVNI SAVET?<\/h2>\t\t\t\t<\/div>\n\t\t\t\t<\/div>\n\t\t\t\t<div class=\"elementor-element elementor-element-623a512 elementor-widget elementor-widget-button\" data-id=\"623a512\" data-element_type=\"widget\" data-e-type=\"widget\" data-widget_type=\"button.default\">\n\t\t\t\t<div class=\"elementor-widget-container\">\n\t\t\t\t\t\t\t\t\t<div class=\"elementor-button-wrapper\">\n\t\t\t\t\t<a class=\"elementor-button elementor-button-link elementor-size-sm\" href=\"https:\/\/milosavljevic-dabetic.rs\/sr\/contact\/\">\n\t\t\t\t\t\t<span class=\"elementor-button-content-wrapper\">\n\t\t\t\t\t\t\t\t\t<span class=\"elementor-button-text\">KONTAKTIRAJTE NAS<\/span>\n\t\t\t\t\t<\/span>\n\t\t\t\t\t<\/a>\n\t\t\t\t<\/div>\n\t\t\t\t\t\t\t\t<\/div>\n\t\t\t\t<\/div>\n\t\t\t\t<\/div>\n\t\t\t\t<\/div>","protected":false},"excerpt":{"rendered":"<p>Our Team Expert Founding Partner, Law office Milosavljevic &amp; Dabetic Aleksandar P. Milosavljevi\u0107, LL.M. Specialist in the field of tax [&hellip;]<\/p>","protected":false},"author":1,"featured_media":0,"parent":0,"menu_order":0,"comment_status":"closed","ping_status":"closed","template":"","meta":{"site-sidebar-layout":"no-sidebar","site-content-layout":"","ast-site-content-layout":"full-width-container","site-content-style":"default","site-sidebar-style":"default","ast-global-header-display":"","ast-banner-title-visibility":"","ast-main-header-display":"","ast-hfb-above-header-display":"","ast-hfb-below-header-display":"","ast-hfb-mobile-header-display":"","site-post-title":"disabled","ast-breadcrumbs-content":"","ast-featured-img":"disabled","footer-sml-layout":"","ast-disable-related-posts":"","theme-transparent-header-meta":"","adv-header-id-meta":"","stick-header-meta":"","header-above-stick-meta":"","header-main-stick-meta":"","header-below-stick-meta":"","astra-migrate-meta-layouts":"default","ast-page-background-enabled":"default","ast-page-background-meta":{"desktop":{"background-color":"var(--ast-global-color-5)","background-image":"","background-repeat":"repeat","background-position":"center center","background-size":"auto","background-attachment":"scroll","background-type":"","background-media":"","overlay-type":"","overlay-color":"","overlay-opacity":"","overlay-gradient":""},"tablet":{"background-color":"","background-image":"","background-repeat":"repeat","background-position":"center center","background-size":"auto","background-attachment":"scroll","background-type":"","background-media":"","overlay-type":"","overlay-color":"","overlay-opacity":"","overlay-gradient":""},"mobile":{"background-color":"","background-image":"","background-repeat":"repeat","background-position":"center center","background-size":"auto","background-attachment":"scroll","background-type":"","background-media":"","overlay-type":"","overlay-color":"","overlay-opacity":"","overlay-gradient":""}},"ast-content-background-meta":{"desktop":{"background-color":"var(--ast-global-color-4)","background-image":"","background-repeat":"repeat","background-position":"center center","background-size":"auto","background-attachment":"scroll","background-type":"","background-media":"","overlay-type":"","overlay-color":"","overlay-opacity":"","overlay-gradient":""},"tablet":{"background-color":"var(--ast-global-color-4)","background-image":"","background-repeat":"repeat","background-position":"center center","background-size":"auto","background-attachment":"scroll","background-type":"","background-media":"","overlay-type":"","overlay-color":"","overlay-opacity":"","overlay-gradient":""},"mobile":{"background-color":"var(--ast-global-color-4)","background-image":"","background-repeat":"repeat","background-position":"center center","background-size":"auto","background-attachment":"scroll","background-type":"","background-media":"","overlay-type":"","overlay-color":"","overlay-opacity":"","overlay-gradient":""}},"footnotes":""},"class_list":["post-367","page","type-page","status-publish","hentry"],"_links":{"self":[{"href":"https:\/\/milosavljevic-dabetic.rs\/sr\/wp-json\/wp\/v2\/pages\/367","targetHints":{"allow":["GET"]}}],"collection":[{"href":"https:\/\/milosavljevic-dabetic.rs\/sr\/wp-json\/wp\/v2\/pages"}],"about":[{"href":"https:\/\/milosavljevic-dabetic.rs\/sr\/wp-json\/wp\/v2\/types\/page"}],"author":[{"embeddable":true,"href":"https:\/\/milosavljevic-dabetic.rs\/sr\/wp-json\/wp\/v2\/users\/1"}],"replies":[{"embeddable":true,"href":"https:\/\/milosavljevic-dabetic.rs\/sr\/wp-json\/wp\/v2\/comments?post=367"}],"version-history":[{"count":88,"href":"https:\/\/milosavljevic-dabetic.rs\/sr\/wp-json\/wp\/v2\/pages\/367\/revisions"}],"predecessor-version":[{"id":1257,"href":"https:\/\/milosavljevic-dabetic.rs\/sr\/wp-json\/wp\/v2\/pages\/367\/revisions\/1257"}],"wp:attachment":[{"href":"https:\/\/milosavljevic-dabetic.rs\/sr\/wp-json\/wp\/v2\/media?parent=367"}],"curies":[{"name":"wp","href":"https:\/\/api.w.org\/{rel}","templated":true}]}}